{"id":129,"date":"2024-03-10T18:53:12","date_gmt":"2024-03-10T17:53:12","guid":{"rendered":"https:\/\/wk-notariusze.pl\/?page_id=129"},"modified":"2025-07-29T11:47:25","modified_gmt":"2025-07-29T09:47:25","slug":"zespol","status":"publish","type":"page","link":"https:\/\/wk-notariusze.pl\/index.php\/zespol\/","title":{"rendered":"Zesp\u00f3\u0142"},"content":{"rendered":"<p>[et_pb_section fb_built=&#8221;1&#8243; admin_label=&#8221;Header&#8221; _builder_version=&#8221;4.20.0&#8243; _module_preset=&#8221;default&#8221; use_background_color_gradient=&#8221;on&#8221; background_color_gradient_stops=&#8221;rgba(31,35,44,0.7) 0%|gcid-9fa4a1b6-767d-41ca-984c-a6f10449c843 100%&#8221; background_color_gradient_overlays_image=&#8221;on&#8221; background_image=&#8221;https:\/\/wk-notariusze.pl\/wp-content\/uploads\/2024\/03\/attorney-14.jpg&#8221; custom_padding=&#8221;||37px|||&#8221; locked=&#8221;off&#8221; collapsed=&#8221;on&#8221; global_colors_info=&#8221;{%22gcid-9fa4a1b6-767d-41ca-984c-a6f10449c843%22:%91%22background_color_gradient_stops%22%93}&#8221;][et_pb_row _builder_version=&#8221;4.20.0&#8243; _module_preset=&#8221;default&#8221; global_colors_info=&#8221;{}&#8221;][et_pb_column type=&#8221;4_4&#8243; _builder_version=&#8221;4.20.0&#8243; _module_preset=&#8221;default&#8221; global_colors_info=&#8221;{}&#8221;][et_pb_image src=&#8221;https:\/\/wk-notariusze.pl\/wp-content\/uploads\/2024\/03\/attorney-1.png&#8221; title_text=&#8221;attorney-1&#8243; _builder_version=&#8221;4.20.0&#8243; _module_preset=&#8221;default&#8221; max_width=&#8221;130px&#8221; module_alignment=&#8221;center&#8221; global_colors_info=&#8221;{}&#8221;][\/et_pb_image][et_pb_text _builder_version=&#8221;4.24.2&#8243; _module_preset=&#8221;724bb7a2-4c09-4cec-9485-e6e2283157cb&#8221; header_font=&#8221;|||on|||||&#8221; header_text_color=&#8221;gcid-11d3dbbb-f6dc-4fb8-929b-9d6994368d00&#8243; text_orientation=&#8221;center&#8221; global_colors_info=&#8221;{%22gcid-11d3dbbb-f6dc-4fb8-929b-9d6994368d00%22:%91%22header_text_color%22%93}&#8221;]<\/p>\n<h1>Zesp\u00f3\u0142<\/h1>\n<p>[\/et_pb_text][\/et_pb_column][\/et_pb_row][\/et_pb_section][et_pb_section fb_built=&#8221;1&#8243; admin_label=&#8221;Our Team&#8221; _builder_version=&#8221;4.20.0&#8243; _module_preset=&#8221;default&#8221; background_color=&#8221;gcid-9fa4a1b6-767d-41ca-984c-a6f10449c843&#8243; custom_padding=&#8221;49px|||||&#8221; collapsed=&#8221;on&#8221; global_colors_info=&#8221;{%22gcid-9fa4a1b6-767d-41ca-984c-a6f10449c843%22:%91%22background_color%22%93}&#8221;][et_pb_row column_structure=&#8221;1_2,1_2&#8243; _builder_version=&#8221;4.24.2&#8243; _module_preset=&#8221;default&#8221; global_colors_info=&#8221;{}&#8221;][et_pb_column type=&#8221;1_2&#8243; _builder_version=&#8221;4.20.0&#8243; _module_preset=&#8221;default&#8221; global_colors_info=&#8221;{}&#8221;][et_pb_image src=&#8221;https:\/\/wk-notariusze.pl\/wp-content\/uploads\/2024\/03\/ok-Copy.jpeg&#8221; title_text=&#8221;ok (Copy)&#8221; align=&#8221;center&#8221; _builder_version=&#8221;4.24.2&#8243; _module_preset=&#8221;default&#8221; custom_margin=&#8221;||33px|||&#8221; custom_padding=&#8221;||0px|||&#8221; global_colors_info=&#8221;{}&#8221;][\/et_pb_image][et_pb_text _builder_version=&#8221;4.24.2&#8243; _module_preset=&#8221;1f30db32-cd84-4376-83c6-fba3121985e8&#8243; header_5_text_color=&#8221;gcid-11d3dbbb-f6dc-4fb8-929b-9d6994368d00&#8243; text_orientation=&#8221;center&#8221; global_colors_info=&#8221;{%22gcid-11d3dbbb-f6dc-4fb8-929b-9d6994368d00%22:%91%22header_5_text_color%22%93}&#8221;]<\/p>\n<h5>Edyta weso\u0142owska <br \/>notariusz<\/h5>\n<p>[\/et_pb_text][\/et_pb_column][et_pb_column type=&#8221;1_2&#8243; _builder_version=&#8221;4.20.0&#8243; _module_preset=&#8221;default&#8221; global_colors_info=&#8221;{}&#8221;][et_pb_image src=&#8221;https:\/\/wk-notariusze.pl\/wp-content\/uploads\/2024\/03\/IMG_7275-Copy.jpeg&#8221; title_text=&#8221;IMG_7275 (Copy)&#8221; align=&#8221;center&#8221; _builder_version=&#8221;4.24.2&#8243; _module_preset=&#8221;default&#8221; custom_margin=&#8221;||33px|||&#8221; custom_padding=&#8221;||0px|||&#8221; global_colors_info=&#8221;{}&#8221;][\/et_pb_image][et_pb_text _builder_version=&#8221;4.24.2&#8243; _module_preset=&#8221;1f30db32-cd84-4376-83c6-fba3121985e8&#8243; header_5_text_color=&#8221;gcid-11d3dbbb-f6dc-4fb8-929b-9d6994368d00&#8243; text_orientation=&#8221;center&#8221; global_colors_info=&#8221;{%22gcid-11d3dbbb-f6dc-4fb8-929b-9d6994368d00%22:%91%22header_5_text_color%22%93}&#8221;]<\/p>\n<h5>Anna barbara kiejnich-kania <br \/>notariusz<\/h5>\n<p>[\/et_pb_text][\/et_pb_column][\/et_pb_row][\/et_pb_section][et_pb_section fb_built=&#8221;1&#8243; admin_label=&#8221;Footer&#8221; _builder_version=&#8221;4.24.2&#8243; _module_preset=&#8221;default&#8221; use_background_color_gradient=&#8221;on&#8221; background_color_gradient_stops=&#8221;#1e232b 0%|rgba(30,35,43,0.9) 100%&#8221; background_color_gradient_overlays_image=&#8221;on&#8221; background_image=&#8221;https:\/\/wk-notariusze.pl\/wp-content\/uploads\/2024\/03\/paper-texture.jpg&#8221; custom_padding=&#8221;||54px|||&#8221; saved_tabs=&#8221;all&#8221; collapsed=&#8221;on&#8221; global_colors_info=&#8221;{}&#8221;][et_pb_row column_structure=&#8221;1_3,1_3,1_3&#8243; _builder_version=&#8221;4.20.0&#8243; _module_preset=&#8221;default&#8221; global_colors_info=&#8221;{}&#8221;][et_pb_column type=&#8221;1_3&#8243; _builder_version=&#8221;4.20.0&#8243; _module_preset=&#8221;default&#8221; global_colors_info=&#8221;{}&#8221;][et_pb_text _builder_version=&#8221;4.24.2&#8243; _module_preset=&#8221;d77d2483-b4f7-4f58-a062-5dd9edb6c445&#8243; text_orientation=&#8221;center&#8221; global_colors_info=&#8221;{%22gcid-11d3dbbb-f6dc-4fb8-929b-9d6994368d00%22:%91%22header_4_text_color%22%93}&#8221;]<\/p>\n<h4>Godziny pracy kancelarii<\/h4>\n<p>[\/et_pb_text][et_pb_text _builder_version=&#8221;4.24.2&#8243; _module_preset=&#8221;595ab2a1-2df3-41c0-a3b5-48c980699440&#8243; text_text_color=&#8221;#FFFFFF&#8221; text_orientation=&#8221;center&#8221; custom_margin=&#8221;||10px||false|false&#8221; global_colors_info=&#8221;{}&#8221;]<\/p>\n<p>Poniedzia\u0142ek &#8211; Pi\u0105tek:\u00a0 9:00 &#8211; 17:00<\/p>\n<p><span class=\"OYPEnA text-decoration-none text-strikethrough-none\">Sobota: 9:00 &#8211; 12:00 (po wcze\u015bniejszym uzgodnieniu)\u00a0<\/span><\/p>\n<p>[\/et_pb_text][\/et_pb_column][et_pb_column type=&#8221;1_3&#8243; _builder_version=&#8221;4.20.0&#8243; _module_preset=&#8221;default&#8221; global_colors_info=&#8221;{}&#8221;][et_pb_image src=&#8221;https:\/\/wk-notariusze.pl\/wp-content\/uploads\/2024\/03\/attorney-3.png&#8221; title_text=&#8221;attorney-3&#8243; align=&#8221;center&#8221; _builder_version=&#8221;4.24.2&#8243; _module_preset=&#8221;default&#8221; max_height=&#8221;80px&#8221; global_colors_info=&#8221;{}&#8221;][\/et_pb_image][et_pb_text _builder_version=&#8221;4.24.2&#8243; _module_preset=&#8221;d77d2483-b4f7-4f58-a062-5dd9edb6c445&#8243; header_4_text_color=&#8221;#FFFFFF&#8221; text_orientation=&#8221;center&#8221; global_colors_info=&#8221;{}&#8221;]<\/p>\n<h4>Edyta weso\u0142owska, anna barbara kiejnich-kania Kancelaria notarialna S.c.<\/h4>\n<p>[\/et_pb_text][\/et_pb_column][et_pb_column type=&#8221;1_3&#8243; _builder_version=&#8221;4.20.0&#8243; _module_preset=&#8221;default&#8221; global_colors_info=&#8221;{}&#8221;][et_pb_text _builder_version=&#8221;4.24.2&#8243; _module_preset=&#8221;d77d2483-b4f7-4f58-a062-5dd9edb6c445&#8243; text_orientation=&#8221;center&#8221; locked=&#8221;off&#8221; global_colors_info=&#8221;{%22gcid-11d3dbbb-f6dc-4fb8-929b-9d6994368d00%22:%91%22header_4_text_color%22%93}&#8221;]<\/p>\n<h4>kontakt<\/h4>\n<p>[\/et_pb_text][et_pb_text _builder_version=&#8221;4.24.2&#8243; _module_preset=&#8221;595ab2a1-2df3-41c0-a3b5-48c980699440&#8243; text_text_color=&#8221;#FFFFFF&#8221; link_text_color=&#8221;#FFFFFF&#8221; text_orientation=&#8221;center&#8221; hover_enabled=&#8221;0&#8243; locked=&#8221;off&#8221; global_colors_info=&#8221;{}&#8221; sticky_enabled=&#8221;0&#8243;]<\/p>\n<p>Krakowska 34\/3<br \/>61-893 Pozna\u0144, pi\u0119tro I<\/p>\n<p>tel: +48 732-455-007 \/ +48 732-455-008<\/p>\n<p>e-mail: kancelaria@wk-notariusze.pl<\/p>\n<p>[\/et_pb_text][\/et_pb_column][\/et_pb_row][et_pb_row _builder_version=&#8221;4.20.0&#8243; _module_preset=&#8221;default&#8221; custom_padding=&#8221;0px||0px||true|&#8221; global_colors_info=&#8221;{}&#8221;][et_pb_column type=&#8221;4_4&#8243; _builder_version=&#8221;4.20.0&#8243; _module_preset=&#8221;default&#8221; global_colors_info=&#8221;{}&#8221;][et_pb_divider color=&#8221;gcid-11d3dbbb-f6dc-4fb8-929b-9d6994368d00&#8243; _builder_version=&#8221;4.20.0&#8243; _module_preset=&#8221;default&#8221; custom_margin=&#8221;||0px||false|false&#8221; global_colors_info=&#8221;{%22gcid-11d3dbbb-f6dc-4fb8-929b-9d6994368d00%22:%91%22color%22%93}&#8221;][\/et_pb_divider][et_pb_text _builder_version=&#8221;4.20.0&#8243; _dynamic_attributes=&#8221;content&#8221; _module_preset=&#8221;72c0eb2d-7034-4460-a5e9-03ab0e422aaf&#8221; text_text_color=&#8221;#FFFFFF&#8221; text_orientation=&#8221;center&#8221; locked=&#8221;off&#8221; global_colors_info=&#8221;{}&#8221;]@ET-DC@eyJkeW5hbWljIjp0cnVlLCJjb250ZW50IjoiY3VycmVudF9kYXRlIiwic2V0dGluZ3MiOnsiYmVmb3JlIjoiQ29weXJpZ2h0ICZjb3B5OyAiLCJhZnRlciI6IiBEaXZpLiBBbGwgUmlnaHRzIFJlc2VydmVkLiIsImRhdGVfZm9ybWF0IjoiY3VzdG9tIiwiY3VzdG9tX2RhdGVfZm9ybWF0IjoiWSJ9fQ==@[\/et_pb_text][\/et_pb_column][\/et_pb_row][\/et_pb_section]<\/p>\n","protected":false},"excerpt":{"rendered":"<p>Zesp\u00f3\u0142Edyta weso\u0142owska notariuszAnna barbara kiejnich-kania notariuszGodziny pracy kancelariiPoniedzia\u0142ek &#8211; Pi\u0105tek:\u00a0 9:00 &#8211; 17:00 Sobota: 9:00 &#8211; 12:00 (po wcze\u015bniejszym uzgodnieniu)\u00a0Edyta weso\u0142owska, anna barbara kiejnich-kania Kancelaria notarialna S.c.kontaktKrakowska 34\/361-893 Pozna\u0144, pi\u0119tro I tel: +48 732-455-007 \/ +48 732-455-008 e-mail: kancelaria@wk-notariusze.pl<\/p>\n","protected":false},"author":1,"featured_media":0,"parent":0,"menu_order":0,"comment_status":"closed","ping_status":"closed","template":"","meta":{"_et_pb_use_builder":"on","_et_pb_old_content":"","_et_gb_content_width":"","footnotes":""},"class_list":["post-129","page","type-page","status-publish","hentry"],"yoast_head":"<!-- This site is optimized with the Yoast SEO plugin v22.2 - https:\/\/yoast.com\/wordpress\/plugins\/seo\/ -->\n<title>Zesp\u00f3\u0142 - Notariusze Weso\u0142owska &amp; Kiejnich-Kania<\/title>\n<meta name=\"robots\" content=\"index, follow, max-snippet:-1, max-image-preview:large, max-video-preview:-1\" \/>\n<link rel=\"canonical\" href=\"https:\/\/wk-notariusze.pl\/index.php\/zespol\/\" \/>\n<meta property=\"og:locale\" content=\"pl_PL\" \/>\n<meta property=\"og:type\" content=\"article\" \/>\n<meta property=\"og:title\" content=\"Zesp\u00f3\u0142 - Notariusze Weso\u0142owska &amp; Kiejnich-Kania\" \/>\n<meta property=\"og:description\" content=\"Zesp\u00f3\u0142Edyta weso\u0142owska notariuszAnna barbara kiejnich-kania notariuszGodziny pracy kancelariiPoniedzia\u0142ek - Pi\u0105tek:\u00a0 9:00 - 17:00 Sobota: 9:00 - 12:00 (po wcze\u015bniejszym uzgodnieniu)\u00a0Edyta weso\u0142owska, anna barbara kiejnich-kania Kancelaria notarialna S.c.kontaktKrakowska 34\/361-893 Pozna\u0144, pi\u0119tro I tel: +48 732-455-007 \/ +48 732-455-008 e-mail: kancelaria@wk-notariusze.pl\" \/>\n<meta property=\"og:url\" content=\"https:\/\/wk-notariusze.pl\/index.php\/zespol\/\" \/>\n<meta property=\"og:site_name\" content=\"Notariusze Weso\u0142owska &amp; Kiejnich-Kania\" \/>\n<meta property=\"article:modified_time\" content=\"2025-07-29T09:47:25+00:00\" \/>\n<meta name=\"twitter:card\" content=\"summary_large_image\" \/>\n<meta name=\"twitter:label1\" content=\"Szacowany czas czytania\" \/>\n\t<meta name=\"twitter:data1\" content=\"5 minut\" \/>\n<script type=\"application\/ld+json\" class=\"yoast-schema-graph\">{\"@context\":\"https:\/\/schema.org\",\"@graph\":[{\"@type\":\"WebPage\",\"@id\":\"https:\/\/wk-notariusze.pl\/index.php\/zespol\/\",\"url\":\"https:\/\/wk-notariusze.pl\/index.php\/zespol\/\",\"name\":\"Zesp\u00f3\u0142 - Notariusze Weso\u0142owska &amp; Kiejnich-Kania\",\"isPartOf\":{\"@id\":\"https:\/\/wk-notariusze.pl\/#website\"},\"datePublished\":\"2024-03-10T17:53:12+00:00\",\"dateModified\":\"2025-07-29T09:47:25+00:00\",\"breadcrumb\":{\"@id\":\"https:\/\/wk-notariusze.pl\/index.php\/zespol\/#breadcrumb\"},\"inLanguage\":\"pl-PL\",\"potentialAction\":[{\"@type\":\"ReadAction\",\"target\":[\"https:\/\/wk-notariusze.pl\/index.php\/zespol\/\"]}]},{\"@type\":\"BreadcrumbList\",\"@id\":\"https:\/\/wk-notariusze.pl\/index.php\/zespol\/#breadcrumb\",\"itemListElement\":[{\"@type\":\"ListItem\",\"position\":1,\"name\":\"Strona g\u0142\u00f3wna\",\"item\":\"https:\/\/wk-notariusze.pl\/\"},{\"@type\":\"ListItem\",\"position\":2,\"name\":\"Zesp\u00f3\u0142\"}]},{\"@type\":\"WebSite\",\"@id\":\"https:\/\/wk-notariusze.pl\/#website\",\"url\":\"https:\/\/wk-notariusze.pl\/\",\"name\":\"Notariusze Weso\u0142owska & Kiejnich-Kania\",\"description\":\"\",\"publisher\":{\"@id\":\"https:\/\/wk-notariusze.pl\/#organization\"},\"potentialAction\":[{\"@type\":\"SearchAction\",\"target\":{\"@type\":\"EntryPoint\",\"urlTemplate\":\"https:\/\/wk-notariusze.pl\/?s={search_term_string}\"},\"query-input\":\"required name=search_term_string\"}],\"inLanguage\":\"pl-PL\"},{\"@type\":\"Organization\",\"@id\":\"https:\/\/wk-notariusze.pl\/#organization\",\"name\":\"EDYTA WESO\u0141OWSKA, ANNA BARBARA KIEJNICH-KANIA KANCELARIA NOTARIALNA S.C.\",\"url\":\"https:\/\/wk-notariusze.pl\/\",\"logo\":{\"@type\":\"ImageObject\",\"inLanguage\":\"pl-PL\",\"@id\":\"https:\/\/wk-notariusze.pl\/#\/schema\/logo\/image\/\",\"url\":\"https:\/\/i0.wp.com\/wk-notariusze.pl\/wp-content\/uploads\/2024\/03\/wk-logo.png?fit=1563%2C1563&ssl=1\",\"contentUrl\":\"https:\/\/i0.wp.com\/wk-notariusze.pl\/wp-content\/uploads\/2024\/03\/wk-logo.png?fit=1563%2C1563&ssl=1\",\"width\":1563,\"height\":1563,\"caption\":\"EDYTA WESO\u0141OWSKA, ANNA BARBARA KIEJNICH-KANIA KANCELARIA NOTARIALNA S.C.\"},\"image\":{\"@id\":\"https:\/\/wk-notariusze.pl\/#\/schema\/logo\/image\/\"}}]}<\/script>\n<!-- \/ Yoast SEO plugin. -->","yoast_head_json":{"title":"Zesp\u00f3\u0142 - Notariusze Weso\u0142owska &amp; Kiejnich-Kania","robots":{"index":"index","follow":"follow","max-snippet":"max-snippet:-1","max-image-preview":"max-image-preview:large","max-video-preview":"max-video-preview:-1"},"canonical":"https:\/\/wk-notariusze.pl\/index.php\/zespol\/","og_locale":"pl_PL","og_type":"article","og_title":"Zesp\u00f3\u0142 - Notariusze Weso\u0142owska &amp; Kiejnich-Kania","og_description":"Zesp\u00f3\u0142Edyta weso\u0142owska notariuszAnna barbara kiejnich-kania notariuszGodziny pracy kancelariiPoniedzia\u0142ek - Pi\u0105tek:\u00a0 9:00 - 17:00 Sobota: 9:00 - 12:00 (po wcze\u015bniejszym uzgodnieniu)\u00a0Edyta weso\u0142owska, anna barbara kiejnich-kania Kancelaria notarialna S.c.kontaktKrakowska 34\/361-893 Pozna\u0144, pi\u0119tro I tel: +48 732-455-007 \/ +48 732-455-008 e-mail: kancelaria@wk-notariusze.pl","og_url":"https:\/\/wk-notariusze.pl\/index.php\/zespol\/","og_site_name":"Notariusze Weso\u0142owska &amp; Kiejnich-Kania","article_modified_time":"2025-07-29T09:47:25+00:00","twitter_card":"summary_large_image","twitter_misc":{"Szacowany czas czytania":"5 minut"},"schema":{"@context":"https:\/\/schema.org","@graph":[{"@type":"WebPage","@id":"https:\/\/wk-notariusze.pl\/index.php\/zespol\/","url":"https:\/\/wk-notariusze.pl\/index.php\/zespol\/","name":"Zesp\u00f3\u0142 - Notariusze Weso\u0142owska &amp; Kiejnich-Kania","isPartOf":{"@id":"https:\/\/wk-notariusze.pl\/#website"},"datePublished":"2024-03-10T17:53:12+00:00","dateModified":"2025-07-29T09:47:25+00:00","breadcrumb":{"@id":"https:\/\/wk-notariusze.pl\/index.php\/zespol\/#breadcrumb"},"inLanguage":"pl-PL","potentialAction":[{"@type":"ReadAction","target":["https:\/\/wk-notariusze.pl\/index.php\/zespol\/"]}]},{"@type":"BreadcrumbList","@id":"https:\/\/wk-notariusze.pl\/index.php\/zespol\/#breadcrumb","itemListElement":[{"@type":"ListItem","position":1,"name":"Strona g\u0142\u00f3wna","item":"https:\/\/wk-notariusze.pl\/"},{"@type":"ListItem","position":2,"name":"Zesp\u00f3\u0142"}]},{"@type":"WebSite","@id":"https:\/\/wk-notariusze.pl\/#website","url":"https:\/\/wk-notariusze.pl\/","name":"Notariusze Weso\u0142owska & Kiejnich-Kania","description":"","publisher":{"@id":"https:\/\/wk-notariusze.pl\/#organization"},"potentialAction":[{"@type":"SearchAction","target":{"@type":"EntryPoint","urlTemplate":"https:\/\/wk-notariusze.pl\/?s={search_term_string}"},"query-input":"required name=search_term_string"}],"inLanguage":"pl-PL"},{"@type":"Organization","@id":"https:\/\/wk-notariusze.pl\/#organization","name":"EDYTA WESO\u0141OWSKA, ANNA BARBARA KIEJNICH-KANIA KANCELARIA NOTARIALNA S.C.","url":"https:\/\/wk-notariusze.pl\/","logo":{"@type":"ImageObject","inLanguage":"pl-PL","@id":"https:\/\/wk-notariusze.pl\/#\/schema\/logo\/image\/","url":"https:\/\/i0.wp.com\/wk-notariusze.pl\/wp-content\/uploads\/2024\/03\/wk-logo.png?fit=1563%2C1563&ssl=1","contentUrl":"https:\/\/i0.wp.com\/wk-notariusze.pl\/wp-content\/uploads\/2024\/03\/wk-logo.png?fit=1563%2C1563&ssl=1","width":1563,"height":1563,"caption":"EDYTA WESO\u0141OWSKA, ANNA BARBARA KIEJNICH-KANIA KANCELARIA NOTARIALNA S.C."},"image":{"@id":"https:\/\/wk-notariusze.pl\/#\/schema\/logo\/image\/"}}]}},"jetpack_sharing_enabled":true,"_links":{"self":[{"href":"https:\/\/wk-notariusze.pl\/index.php\/wp-json\/wp\/v2\/pages\/129","targetHints":{"allow":["GET"]}}],"collection":[{"href":"https:\/\/wk-notariusze.pl\/index.php\/wp-json\/wp\/v2\/pages"}],"about":[{"href":"https:\/\/wk-notariusze.pl\/index.php\/wp-json\/wp\/v2\/types\/page"}],"author":[{"embeddable":true,"href":"https:\/\/wk-notariusze.pl\/index.php\/wp-json\/wp\/v2\/users\/1"}],"replies":[{"embeddable":true,"href":"https:\/\/wk-notariusze.pl\/index.php\/wp-json\/wp\/v2\/comments?post=129"}],"version-history":[{"count":24,"href":"https:\/\/wk-notariusze.pl\/index.php\/wp-json\/wp\/v2\/pages\/129\/revisions"}],"predecessor-version":[{"id":283,"href":"https:\/\/wk-notariusze.pl\/index.php\/wp-json\/wp\/v2\/pages\/129\/revisions\/283"}],"wp:attachment":[{"href":"https:\/\/wk-notariusze.pl\/index.php\/wp-json\/wp\/v2\/media?parent=129"}],"curies":[{"name":"wp","href":"https:\/\/api.w.org\/{rel}","templated":true}]}}