{"id":96,"date":"2024-03-10T18:06:11","date_gmt":"2024-03-10T17:06:11","guid":{"rendered":"https:\/\/wk-notariusze.pl\/?page_id=96"},"modified":"2025-07-29T11:45:41","modified_gmt":"2025-07-29T09:45:41","slug":"czynnosci","status":"publish","type":"page","link":"https:\/\/wk-notariusze.pl\/index.php\/czynnosci\/","title":{"rendered":"Czynno\u015bci"},"content":{"rendered":"<p>[et_pb_section fb_built=&#8221;1&#8243; admin_label=&#8221;Header&#8221; _builder_version=&#8221;4.20.0&#8243; _module_preset=&#8221;default&#8221; use_background_color_gradient=&#8221;on&#8221; background_color_gradient_stops=&#8221;rgba(31,35,44,0.7) 0%|gcid-9fa4a1b6-767d-41ca-984c-a6f10449c843 100%&#8221; background_color_gradient_overlays_image=&#8221;on&#8221; background_image=&#8221;https:\/\/wk-notariusze.pl\/wp-content\/uploads\/2024\/03\/attorney-21.jpg&#8221; locked=&#8221;off&#8221; collapsed=&#8221;on&#8221; global_colors_info=&#8221;{%22gcid-9fa4a1b6-767d-41ca-984c-a6f10449c843%22:%91%22background_color_gradient_stops%22%93}&#8221;][et_pb_row _builder_version=&#8221;4.20.0&#8243; _module_preset=&#8221;default&#8221; global_colors_info=&#8221;{}&#8221;][et_pb_column type=&#8221;4_4&#8243; _builder_version=&#8221;4.20.0&#8243; _module_preset=&#8221;default&#8221; global_colors_info=&#8221;{}&#8221;][et_pb_image src=&#8221;https:\/\/wk-notariusze.pl\/wp-content\/uploads\/2024\/03\/attorney-1.png&#8221; title_text=&#8221;attorney-1&#8243; _builder_version=&#8221;4.20.0&#8243; _module_preset=&#8221;default&#8221; max_width=&#8221;130px&#8221; module_alignment=&#8221;center&#8221; global_colors_info=&#8221;{}&#8221;][\/et_pb_image][et_pb_text _builder_version=&#8221;4.24.2&#8243; _module_preset=&#8221;2e69010c-2823-4d59-8205-da9054d58b80&#8243; header_font=&#8221;|||on|||||&#8221; header_text_color=&#8221;gcid-11d3dbbb-f6dc-4fb8-929b-9d6994368d00&#8243; text_orientation=&#8221;center&#8221; global_colors_info=&#8221;{%22gcid-11d3dbbb-f6dc-4fb8-929b-9d6994368d00%22:%91%22header_text_color%22%93}&#8221;]<\/p>\n<h1>Czynno\u015bci notarialne<\/h1>\n<p>[\/et_pb_text][\/et_pb_column][\/et_pb_row][\/et_pb_section][et_pb_section fb_built=&#8221;1&#8243; admin_label=&#8221;Service Info&#8221; _builder_version=&#8221;4.20.0&#8243; _module_preset=&#8221;default&#8221; background_color=&#8221;gcid-9fa4a1b6-767d-41ca-984c-a6f10449c843&#8243; custom_padding=&#8221;||54px|||&#8221; collapsed=&#8221;on&#8221; global_colors_info=&#8221;{%22gcid-9fa4a1b6-767d-41ca-984c-a6f10449c843%22:%91%22background_color%22%93}&#8221;][et_pb_row custom_padding_last_edited=&#8221;on|desktop&#8221; _builder_version=&#8221;4.20.0&#8243; _module_preset=&#8221;default&#8221; custom_margin=&#8221;|auto|8px|auto||&#8221; custom_padding=&#8221;30px|60px|30px|60px|true|true&#8221; custom_padding_tablet=&#8221;|40px||40px|false|true&#8221; custom_padding_phone=&#8221;20px|20px|20px|20px|true|true&#8221; border_color_all=&#8221;gcid-11d3dbbb-f6dc-4fb8-929b-9d6994368d00&#8243; border_width_left=&#8221;5px&#8221; global_colors_info=&#8221;{%22gcid-11d3dbbb-f6dc-4fb8-929b-9d6994368d00%22:%91%22border_color_all%22%93}&#8221;][et_pb_column type=&#8221;4_4&#8243; _builder_version=&#8221;4.20.0&#8243; _module_preset=&#8221;default&#8221; global_colors_info=&#8221;{}&#8221;][et_pb_text _builder_version=&#8221;4.24.2&#8243; _module_preset=&#8221;74472bd6-19a3-449f-a2f1-0a49c407ab1e&#8221; header_3_font=&#8221;|700||on|||||&#8221; header_3_text_color=&#8221;gcid-11d3dbbb-f6dc-4fb8-929b-9d6994368d00&#8243; global_colors_info=&#8221;{%22gcid-11d3dbbb-f6dc-4fb8-929b-9d6994368d00%22:%91%22header_3_text_color%22%93}&#8221;]<\/p>\n<h3>notariusz dokonuje nast\u0119puj\u0105cych czynno\u015bci notarialnych<\/h3>\n<p>[\/et_pb_text][et_pb_text _builder_version=&#8221;4.24.2&#8243; _module_preset=&#8221;adf5ba81-6ef3-4978-bd31-06830b355b52&#8243; text_text_color=&#8221;#FFFFFF&#8221; custom_padding=&#8221;||0px|||&#8221; global_colors_info=&#8221;{}&#8221;]<\/p>\n<p class=\"cvGsUA direction-ltr align-center para-style-body\"><span class=\"OYPEnA text-decoration-none text-strikethrough-none\">&#8211; sporz\u0105dza akty notarialne;<\/span><\/p>\n<p class=\"cvGsUA direction-ltr align-center para-style-body\"><span class=\"OYPEnA text-decoration-none text-strikethrough-none\">&#8211; sporz\u0105dza akty po\u015bwiadczenia dziedziczenia;<\/span><\/p>\n<p class=\"cvGsUA direction-ltr align-center para-style-body\"><span class=\"OYPEnA text-decoration-none text-strikethrough-none\">\u00a0&#8211; podejmuje czynno\u015bci dotycz\u0105ce europejskiego po\u015bwiadczenia spadkowego;<\/span><\/p>\n<p class=\"cvGsUA direction-ltr align-center para-style-body\"><span class=\"OYPEnA text-decoration-none text-strikethrough-none\">&#8211; podejmuje czynno\u015bci zwi\u0105zane z zarz\u0105dem sukcesyjnym przedsi\u0119biorstwem osoby fizycznej<\/span><span class=\"OYPEnA text-decoration-none text-strikethrough-none white-space-prewrap\"> <\/span><span class=\"OYPEnA text-decoration-none text-strikethrough-none\">i z tymczasowym przedstawicielem w zakresie udzia\u0142u ma\u0142\u017conka przedsi\u0119biorcy w przedsi\u0119biorstwie, na zasadach okre\u015blonych w ustawie z dnia 5 lipca 2018 r. o zarz\u0105dzie sukcesyjnym przedsi\u0119biorstwem osoby fizycznej i innych u\u0142atwieniach zwi\u0105zanych z sukcesj\u0105 przedsi\u0119biorstw (Dz. U. z 2021 r. poz. 170);<\/span><\/p>\n<p class=\"cvGsUA direction-ltr align-center para-style-body\"><span class=\"OYPEnA text-decoration-none text-strikethrough-none\">&#8211;\u00a0 sporz\u0105dza po\u015bwiadczenia;<\/span><\/p>\n<p class=\"cvGsUA direction-ltr align-center para-style-body\"><span class=\"OYPEnA text-decoration-none text-strikethrough-none\">&#8211; spisuje protoko\u0142y;<\/span><\/p>\n<p class=\"cvGsUA direction-ltr align-center para-style-body\"><span class=\"OYPEnA text-decoration-none text-strikethrough-none\">&#8211; sporz\u0105dza protesty weksli i czek\u00f3w;<\/span><\/p>\n<p class=\"cvGsUA direction-ltr align-center para-style-body\"><span class=\"OYPEnA text-decoration-none text-strikethrough-none\">&#8211; przyjmuje na przechowanie pieni\u0105dze, papiery warto\u015bciowe, dokumenty, dane na informatycznym no\u015bniku danych, o kt\u00f3rym mowa w przepisach o informatyzacji dzia\u0142alno\u015bci podmiot\u00f3w realizuj\u0105cych zadania publiczne;<\/span><\/p>\n<p class=\"cvGsUA direction-ltr align-center para-style-body\"><span class=\"OYPEnA text-decoration-none text-strikethrough-none\">&#8211; prowadzi rejestry akcjonariuszy prostych sp\u00f3\u0142ek akcyjnych oraz podejmuje zwi\u0105zane z tym czynno\u015bci;<\/span><\/p>\n<p class=\"cvGsUA direction-ltr align-center para-style-body\"><span class=\"OYPEnA text-decoration-none text-strikethrough-none\">&#8211; sporz\u0105dza wypisy, odpisy i wyci\u0105gi dokument\u00f3w;<\/span><\/p>\n<p class=\"cvGsUA direction-ltr align-center para-style-body\"><span class=\"OYPEnA text-decoration-none text-strikethrough-none\">&#8211; sporz\u0105dza, na \u017c\u0105danie stron, projekty akt\u00f3w, o\u015bwiadcze\u0144 i innych dokument\u00f3w;<\/span><\/p>\n<p class=\"cvGsUA direction-ltr align-center para-style-body\"><span class=\"OYPEnA text-decoration-none text-strikethrough-none\">&#8211; sk\u0142ada wnioski o wpis w ksi\u0119dze wieczystej wraz z dokumentami stanowi\u0105cymi podstaw\u0119 wpisu w ksi\u0119dze wieczystej;<\/span><\/p>\n<p class=\"cvGsUA direction-ltr align-center para-style-body\"><span class=\"OYPEnA text-decoration-none text-strikethrough-none\">&#8211;\u00a0 sporz\u0105dza inne czynno\u015bci wynikaj\u0105ce z odr\u0119bnych przepis\u00f3w.<\/span><\/p>\n<p>[\/et_pb_text][\/et_pb_column][\/et_pb_row][\/et_pb_section][et_pb_section fb_built=&#8221;1&#8243; admin_label=&#8221;Footer&#8221; _builder_version=&#8221;4.20.0&#8243; _module_preset=&#8221;default&#8221; use_background_color_gradient=&#8221;on&#8221; background_color_gradient_stops=&#8221;#1e232b 0%|rgba(30,35,43,0.9) 100%&#8221; background_color_gradient_overlays_image=&#8221;on&#8221; background_image=&#8221;https:\/\/wk-notariusze.pl\/wp-content\/uploads\/2024\/03\/paper-texture.jpg&#8221; saved_tabs=&#8221;all&#8221; collapsed=&#8221;on&#8221; global_colors_info=&#8221;{}&#8221;][et_pb_row column_structure=&#8221;1_3,1_3,1_3&#8243; _builder_version=&#8221;4.20.0&#8243; _module_preset=&#8221;default&#8221; global_colors_info=&#8221;{}&#8221;][et_pb_column type=&#8221;1_3&#8243; _builder_version=&#8221;4.20.0&#8243; _module_preset=&#8221;default&#8221; global_colors_info=&#8221;{}&#8221;][et_pb_text _builder_version=&#8221;4.24.2&#8243; _module_preset=&#8221;0842b14c-175c-4208-8e33-386e70c921c3&#8243; text_orientation=&#8221;center&#8221; global_colors_info=&#8221;{%22gcid-11d3dbbb-f6dc-4fb8-929b-9d6994368d00%22:%91%22header_4_text_color%22%93}&#8221;]<\/p>\n<h4>Godziny pracy kancelarii<\/h4>\n<p>[\/et_pb_text][et_pb_text _builder_version=&#8221;4.24.2&#8243; _module_preset=&#8221;adf5ba81-6ef3-4978-bd31-06830b355b52&#8243; text_text_color=&#8221;#FFFFFF&#8221; text_orientation=&#8221;center&#8221; custom_margin=&#8221;||10px||false|false&#8221; global_colors_info=&#8221;{}&#8221;]<\/p>\n<p>Poniedzia\u0142ek &#8211; Pi\u0105tek:\u00a0 9:00 &#8211; 17:00<\/p>\n<p><span class=\"OYPEnA text-decoration-none text-strikethrough-none\">Sobota: 9:00 &#8211; 12:00 (po wcze\u015bniejszym uzgodnieniu)\u00a0<\/span><\/p>\n<p>[\/et_pb_text][\/et_pb_column][et_pb_column type=&#8221;1_3&#8243; _builder_version=&#8221;4.20.0&#8243; _module_preset=&#8221;default&#8221; global_colors_info=&#8221;{}&#8221;][et_pb_image src=&#8221;https:\/\/wk-notariusze.pl\/wp-content\/uploads\/2024\/03\/attorney-3.png&#8221; title_text=&#8221;attorney-3&#8243; align=&#8221;center&#8221; _builder_version=&#8221;4.24.2&#8243; _module_preset=&#8221;default&#8221; max_height=&#8221;80px&#8221; global_colors_info=&#8221;{}&#8221;][\/et_pb_image][et_pb_text _builder_version=&#8221;4.24.2&#8243; _module_preset=&#8221;0842b14c-175c-4208-8e33-386e70c921c3&#8243; header_4_text_color=&#8221;#FFFFFF&#8221; text_orientation=&#8221;center&#8221; global_colors_info=&#8221;{}&#8221;]<\/p>\n<h4>Edyta weso\u0142owska, anna barbara kiejnich-kania Kancelaria notarialna S.c.<\/h4>\n<p>[\/et_pb_text][\/et_pb_column][et_pb_column type=&#8221;1_3&#8243; _builder_version=&#8221;4.20.0&#8243; _module_preset=&#8221;default&#8221; global_colors_info=&#8221;{}&#8221;][et_pb_text _builder_version=&#8221;4.24.2&#8243; _module_preset=&#8221;0842b14c-175c-4208-8e33-386e70c921c3&#8243; text_orientation=&#8221;center&#8221; locked=&#8221;off&#8221; global_colors_info=&#8221;{%22gcid-11d3dbbb-f6dc-4fb8-929b-9d6994368d00%22:%91%22header_4_text_color%22%93}&#8221;]<\/p>\n<h4>kontakt<\/h4>\n<p>[\/et_pb_text][et_pb_text _builder_version=&#8221;4.24.2&#8243; _module_preset=&#8221;adf5ba81-6ef3-4978-bd31-06830b355b52&#8243; text_text_color=&#8221;#FFFFFF&#8221; link_text_color=&#8221;#FFFFFF&#8221; text_orientation=&#8221;center&#8221; hover_enabled=&#8221;0&#8243; locked=&#8221;off&#8221; global_colors_info=&#8221;{}&#8221; sticky_enabled=&#8221;0&#8243;]<\/p>\n<p>Krakowska 34\/3<br \/>61-893 Pozna\u0144, pi\u0119tro I<\/p>\n<p>tel: +48 732-455-007 \/ +48 732-455-008<\/p>\n<p>e-mail: kancelaria@wk-notariusze.pl<\/p>\n<p>[\/et_pb_text][\/et_pb_column][\/et_pb_row][et_pb_row _builder_version=&#8221;4.20.0&#8243; _module_preset=&#8221;default&#8221; custom_padding=&#8221;0px||0px||true|&#8221; global_colors_info=&#8221;{}&#8221;][et_pb_column type=&#8221;4_4&#8243; _builder_version=&#8221;4.20.0&#8243; _module_preset=&#8221;default&#8221; global_colors_info=&#8221;{}&#8221;][et_pb_divider color=&#8221;gcid-11d3dbbb-f6dc-4fb8-929b-9d6994368d00&#8243; _builder_version=&#8221;4.20.0&#8243; _module_preset=&#8221;default&#8221; custom_margin=&#8221;||0px||false|false&#8221; global_colors_info=&#8221;{%22gcid-11d3dbbb-f6dc-4fb8-929b-9d6994368d00%22:%91%22color%22%93}&#8221;][\/et_pb_divider][et_pb_text _builder_version=&#8221;4.20.0&#8243; _dynamic_attributes=&#8221;content&#8221; _module_preset=&#8221;ac214236-e4f5-475f-b394-5029d283c4e6&#8243; text_text_color=&#8221;#FFFFFF&#8221; text_orientation=&#8221;center&#8221; locked=&#8221;off&#8221; global_colors_info=&#8221;{}&#8221;]@ET-DC@eyJkeW5hbWljIjp0cnVlLCJjb250ZW50IjoiY3VycmVudF9kYXRlIiwic2V0dGluZ3MiOnsiYmVmb3JlIjoiQ29weXJpZ2h0ICZjb3B5OyAiLCJhZnRlciI6IiBEaXZpLiBBbGwgUmlnaHRzIFJlc2VydmVkLiIsImRhdGVfZm9ybWF0IjoiY3VzdG9tIiwiY3VzdG9tX2RhdGVfZm9ybWF0IjoiWSJ9fQ==@[\/et_pb_text][\/et_pb_column][\/et_pb_row][\/et_pb_section]<\/p>\n","protected":false},"excerpt":{"rendered":"<p>Czynno\u015bci notarialnenotariusz dokonuje nast\u0119puj\u0105cych czynno\u015bci notarialnych- sporz\u0105dza akty notarialne; &#8211; sporz\u0105dza akty po\u015bwiadczenia dziedziczenia; \u00a0&#8211; podejmuje czynno\u015bci dotycz\u0105ce europejskiego po\u015bwiadczenia spadkowego; &#8211; podejmuje czynno\u015bci zwi\u0105zane z zarz\u0105dem sukcesyjnym przedsi\u0119biorstwem osoby fizycznej i z tymczasowym przedstawicielem w zakresie udzia\u0142u ma\u0142\u017conka przedsi\u0119biorcy w przedsi\u0119biorstwie, na zasadach okre\u015blonych w ustawie z dnia 5 lipca 2018 r. o zarz\u0105dzie [&hellip;]<\/p>\n","protected":false},"author":1,"featured_media":0,"parent":0,"menu_order":0,"comment_status":"closed","ping_status":"closed","template":"","meta":{"_et_pb_use_builder":"on","_et_pb_old_content":"","_et_gb_content_width":"","footnotes":""},"class_list":["post-96","page","type-page","status-publish","hentry"],"yoast_head":"<!-- This site is optimized with the Yoast SEO plugin v22.2 - https:\/\/yoast.com\/wordpress\/plugins\/seo\/ -->\n<title>Czynno\u015bci - Notariusze Weso\u0142owska &amp; Kiejnich-Kania<\/title>\n<meta name=\"description\" content=\"Notariusz dokonuje czynno\u015bci, kt\u00f3rym strony s\u0105 zobowi\u0105zane lub pragn\u0105 nada\u0107 form\u0119 notarialn\u0105. Czynno\u015bci notarialne, dokonane przez notariusza zgodnie z prawem, maj\u0105 charakter dokumentu urz\u0119dowego. Czynno\u015bci notarialne wykonywane s\u0105 w siedzibie Kancelarii Notarialnej.\" \/>\n<meta name=\"robots\" content=\"index, follow, max-snippet:-1, max-image-preview:large, max-video-preview:-1\" \/>\n<link rel=\"canonical\" href=\"https:\/\/wk-notariusze.pl\/index.php\/czynnosci\/\" \/>\n<meta property=\"og:locale\" content=\"pl_PL\" \/>\n<meta property=\"og:type\" content=\"article\" \/>\n<meta property=\"og:title\" content=\"Czynno\u015bci - Notariusze Weso\u0142owska &amp; Kiejnich-Kania\" \/>\n<meta property=\"og:description\" content=\"Notariusz dokonuje czynno\u015bci, kt\u00f3rym strony s\u0105 zobowi\u0105zane lub pragn\u0105 nada\u0107 form\u0119 notarialn\u0105. Czynno\u015bci notarialne, dokonane przez notariusza zgodnie z prawem, maj\u0105 charakter dokumentu urz\u0119dowego. Czynno\u015bci notarialne wykonywane s\u0105 w siedzibie Kancelarii Notarialnej.\" \/>\n<meta property=\"og:url\" content=\"https:\/\/wk-notariusze.pl\/index.php\/czynnosci\/\" \/>\n<meta property=\"og:site_name\" content=\"Notariusze Weso\u0142owska &amp; Kiejnich-Kania\" \/>\n<meta property=\"article:modified_time\" content=\"2025-07-29T09:45:41+00:00\" \/>\n<meta name=\"twitter:card\" content=\"summary_large_image\" \/>\n<meta name=\"twitter:label1\" content=\"Szacowany czas czytania\" \/>\n\t<meta name=\"twitter:data1\" content=\"2 minuty\" \/>\n<script type=\"application\/ld+json\" class=\"yoast-schema-graph\">{\"@context\":\"https:\/\/schema.org\",\"@graph\":[{\"@type\":\"WebPage\",\"@id\":\"https:\/\/wk-notariusze.pl\/index.php\/czynnosci\/\",\"url\":\"https:\/\/wk-notariusze.pl\/index.php\/czynnosci\/\",\"name\":\"Czynno\u015bci - Notariusze Weso\u0142owska &amp; Kiejnich-Kania\",\"isPartOf\":{\"@id\":\"https:\/\/wk-notariusze.pl\/#website\"},\"datePublished\":\"2024-03-10T17:06:11+00:00\",\"dateModified\":\"2025-07-29T09:45:41+00:00\",\"description\":\"Notariusz dokonuje czynno\u015bci, kt\u00f3rym strony s\u0105 zobowi\u0105zane lub pragn\u0105 nada\u0107 form\u0119 notarialn\u0105. Czynno\u015bci notarialne, dokonane przez notariusza zgodnie z prawem, maj\u0105 charakter dokumentu urz\u0119dowego. Czynno\u015bci notarialne wykonywane s\u0105 w siedzibie Kancelarii Notarialnej.\",\"breadcrumb\":{\"@id\":\"https:\/\/wk-notariusze.pl\/index.php\/czynnosci\/#breadcrumb\"},\"inLanguage\":\"pl-PL\",\"potentialAction\":[{\"@type\":\"ReadAction\",\"target\":[\"https:\/\/wk-notariusze.pl\/index.php\/czynnosci\/\"]}]},{\"@type\":\"BreadcrumbList\",\"@id\":\"https:\/\/wk-notariusze.pl\/index.php\/czynnosci\/#breadcrumb\",\"itemListElement\":[{\"@type\":\"ListItem\",\"position\":1,\"name\":\"Strona g\u0142\u00f3wna\",\"item\":\"https:\/\/wk-notariusze.pl\/\"},{\"@type\":\"ListItem\",\"position\":2,\"name\":\"Czynno\u015bci\"}]},{\"@type\":\"WebSite\",\"@id\":\"https:\/\/wk-notariusze.pl\/#website\",\"url\":\"https:\/\/wk-notariusze.pl\/\",\"name\":\"Notariusze Weso\u0142owska & Kiejnich-Kania\",\"description\":\"\",\"publisher\":{\"@id\":\"https:\/\/wk-notariusze.pl\/#organization\"},\"potentialAction\":[{\"@type\":\"SearchAction\",\"target\":{\"@type\":\"EntryPoint\",\"urlTemplate\":\"https:\/\/wk-notariusze.pl\/?s={search_term_string}\"},\"query-input\":\"required name=search_term_string\"}],\"inLanguage\":\"pl-PL\"},{\"@type\":\"Organization\",\"@id\":\"https:\/\/wk-notariusze.pl\/#organization\",\"name\":\"EDYTA WESO\u0141OWSKA, ANNA BARBARA KIEJNICH-KANIA KANCELARIA NOTARIALNA S.C.\",\"url\":\"https:\/\/wk-notariusze.pl\/\",\"logo\":{\"@type\":\"ImageObject\",\"inLanguage\":\"pl-PL\",\"@id\":\"https:\/\/wk-notariusze.pl\/#\/schema\/logo\/image\/\",\"url\":\"https:\/\/i0.wp.com\/wk-notariusze.pl\/wp-content\/uploads\/2024\/03\/wk-logo.png?fit=1563%2C1563&ssl=1\",\"contentUrl\":\"https:\/\/i0.wp.com\/wk-notariusze.pl\/wp-content\/uploads\/2024\/03\/wk-logo.png?fit=1563%2C1563&ssl=1\",\"width\":1563,\"height\":1563,\"caption\":\"EDYTA WESO\u0141OWSKA, ANNA BARBARA KIEJNICH-KANIA KANCELARIA NOTARIALNA S.C.\"},\"image\":{\"@id\":\"https:\/\/wk-notariusze.pl\/#\/schema\/logo\/image\/\"}}]}<\/script>\n<!-- \/ Yoast SEO plugin. -->","yoast_head_json":{"title":"Czynno\u015bci - Notariusze Weso\u0142owska &amp; Kiejnich-Kania","description":"Notariusz dokonuje czynno\u015bci, kt\u00f3rym strony s\u0105 zobowi\u0105zane lub pragn\u0105 nada\u0107 form\u0119 notarialn\u0105. Czynno\u015bci notarialne, dokonane przez notariusza zgodnie z prawem, maj\u0105 charakter dokumentu urz\u0119dowego. Czynno\u015bci notarialne wykonywane s\u0105 w siedzibie Kancelarii Notarialnej.","robots":{"index":"index","follow":"follow","max-snippet":"max-snippet:-1","max-image-preview":"max-image-preview:large","max-video-preview":"max-video-preview:-1"},"canonical":"https:\/\/wk-notariusze.pl\/index.php\/czynnosci\/","og_locale":"pl_PL","og_type":"article","og_title":"Czynno\u015bci - Notariusze Weso\u0142owska &amp; Kiejnich-Kania","og_description":"Notariusz dokonuje czynno\u015bci, kt\u00f3rym strony s\u0105 zobowi\u0105zane lub pragn\u0105 nada\u0107 form\u0119 notarialn\u0105. Czynno\u015bci notarialne, dokonane przez notariusza zgodnie z prawem, maj\u0105 charakter dokumentu urz\u0119dowego. Czynno\u015bci notarialne wykonywane s\u0105 w siedzibie Kancelarii Notarialnej.","og_url":"https:\/\/wk-notariusze.pl\/index.php\/czynnosci\/","og_site_name":"Notariusze Weso\u0142owska &amp; Kiejnich-Kania","article_modified_time":"2025-07-29T09:45:41+00:00","twitter_card":"summary_large_image","twitter_misc":{"Szacowany czas czytania":"2 minuty"},"schema":{"@context":"https:\/\/schema.org","@graph":[{"@type":"WebPage","@id":"https:\/\/wk-notariusze.pl\/index.php\/czynnosci\/","url":"https:\/\/wk-notariusze.pl\/index.php\/czynnosci\/","name":"Czynno\u015bci - Notariusze Weso\u0142owska &amp; Kiejnich-Kania","isPartOf":{"@id":"https:\/\/wk-notariusze.pl\/#website"},"datePublished":"2024-03-10T17:06:11+00:00","dateModified":"2025-07-29T09:45:41+00:00","description":"Notariusz dokonuje czynno\u015bci, kt\u00f3rym strony s\u0105 zobowi\u0105zane lub pragn\u0105 nada\u0107 form\u0119 notarialn\u0105. Czynno\u015bci notarialne, dokonane przez notariusza zgodnie z prawem, maj\u0105 charakter dokumentu urz\u0119dowego. Czynno\u015bci notarialne wykonywane s\u0105 w siedzibie Kancelarii Notarialnej.","breadcrumb":{"@id":"https:\/\/wk-notariusze.pl\/index.php\/czynnosci\/#breadcrumb"},"inLanguage":"pl-PL","potentialAction":[{"@type":"ReadAction","target":["https:\/\/wk-notariusze.pl\/index.php\/czynnosci\/"]}]},{"@type":"BreadcrumbList","@id":"https:\/\/wk-notariusze.pl\/index.php\/czynnosci\/#breadcrumb","itemListElement":[{"@type":"ListItem","position":1,"name":"Strona g\u0142\u00f3wna","item":"https:\/\/wk-notariusze.pl\/"},{"@type":"ListItem","position":2,"name":"Czynno\u015bci"}]},{"@type":"WebSite","@id":"https:\/\/wk-notariusze.pl\/#website","url":"https:\/\/wk-notariusze.pl\/","name":"Notariusze Weso\u0142owska & Kiejnich-Kania","description":"","publisher":{"@id":"https:\/\/wk-notariusze.pl\/#organization"},"potentialAction":[{"@type":"SearchAction","target":{"@type":"EntryPoint","urlTemplate":"https:\/\/wk-notariusze.pl\/?s={search_term_string}"},"query-input":"required name=search_term_string"}],"inLanguage":"pl-PL"},{"@type":"Organization","@id":"https:\/\/wk-notariusze.pl\/#organization","name":"EDYTA WESO\u0141OWSKA, ANNA BARBARA KIEJNICH-KANIA KANCELARIA NOTARIALNA S.C.","url":"https:\/\/wk-notariusze.pl\/","logo":{"@type":"ImageObject","inLanguage":"pl-PL","@id":"https:\/\/wk-notariusze.pl\/#\/schema\/logo\/image\/","url":"https:\/\/i0.wp.com\/wk-notariusze.pl\/wp-content\/uploads\/2024\/03\/wk-logo.png?fit=1563%2C1563&ssl=1","contentUrl":"https:\/\/i0.wp.com\/wk-notariusze.pl\/wp-content\/uploads\/2024\/03\/wk-logo.png?fit=1563%2C1563&ssl=1","width":1563,"height":1563,"caption":"EDYTA WESO\u0141OWSKA, ANNA BARBARA KIEJNICH-KANIA KANCELARIA NOTARIALNA S.C."},"image":{"@id":"https:\/\/wk-notariusze.pl\/#\/schema\/logo\/image\/"}}]}},"jetpack_sharing_enabled":true,"_links":{"self":[{"href":"https:\/\/wk-notariusze.pl\/index.php\/wp-json\/wp\/v2\/pages\/96","targetHints":{"allow":["GET"]}}],"collection":[{"href":"https:\/\/wk-notariusze.pl\/index.php\/wp-json\/wp\/v2\/pages"}],"about":[{"href":"https:\/\/wk-notariusze.pl\/index.php\/wp-json\/wp\/v2\/types\/page"}],"author":[{"embeddable":true,"href":"https:\/\/wk-notariusze.pl\/index.php\/wp-json\/wp\/v2\/users\/1"}],"replies":[{"embeddable":true,"href":"https:\/\/wk-notariusze.pl\/index.php\/wp-json\/wp\/v2\/comments?post=96"}],"version-history":[{"count":12,"href":"https:\/\/wk-notariusze.pl\/index.php\/wp-json\/wp\/v2\/pages\/96\/revisions"}],"predecessor-version":[{"id":280,"href":"https:\/\/wk-notariusze.pl\/index.php\/wp-json\/wp\/v2\/pages\/96\/revisions\/280"}],"wp:attachment":[{"href":"https:\/\/wk-notariusze.pl\/index.php\/wp-json\/wp\/v2\/media?parent=96"}],"curies":[{"name":"wp","href":"https:\/\/api.w.org\/{rel}","templated":true}]}}